{"id":51,"date":"2017-11-26T12:37:07","date_gmt":"2017-11-26T11:37:07","guid":{"rendered":"https:\/\/naturfotomp.wordpress.com\/?page_id=51"},"modified":"2018-01-08T17:00:30","modified_gmt":"2018-01-08T16:00:30","slug":"projekte","status":"publish","type":"page","link":"https:\/\/dia-geschichten.de\/?page_id=51","title":{"rendered":"Projekte"},"content":{"rendered":"<p>Ein Querschnitt und kleiner Einblick in fortlaufende als auch abgeschlossene fotografische Projekte. Wird regelm\u00e4\u00dfig aktualisiert. Bei Interesse an meinem Bildmaterial freue ich mich \u00fcber die <a href=\"http:\/\/dia-geschichten.de\/?page_id=251\">Kontaktaufnahme per email<\/a>.<\/p>\n","protected":false},"excerpt":{"rendered":"<p>Ein Querschnitt und kleiner Einblick in fortlaufende als auch abgeschlossene fotografische Projekte. Wird regelm\u00e4\u00dfig aktualisiert. Bei Interesse an meinem Bildmaterial freue ich mich \u00fcber die Kontaktaufnahme per email.<\/p>\n","protected":false},"author":1,"featured_media":0,"parent":0,"menu_order":0,"comment_status":"closed","ping_status":"closed","template":"nosidebar-page.php","meta":[],"jetpack_shortlink":"https:\/\/wp.me\/P9wkzc-P","jetpack_likes_enabled":true,"_links":{"self":[{"href":"https:\/\/dia-geschichten.de\/index.php?rest_route=\/wp\/v2\/pages\/51"}],"collection":[{"href":"https:\/\/dia-geschichten.de\/index.php?rest_route=\/wp\/v2\/pages"}],"about":[{"href":"https:\/\/dia-geschichten.de\/index.php?rest_route=\/wp\/v2\/types\/page"}],"author":[{"embeddable":true,"href":"https:\/\/dia-geschichten.de\/index.php?rest_route=\/wp\/v2\/users\/1"}],"replies":[{"embeddable":true,"href":"https:\/\/dia-geschichten.de\/index.php?rest_route=%2Fwp%2Fv2%2Fcomments&post=51"}],"version-history":[{"count":4,"href":"https:\/\/dia-geschichten.de\/index.php?rest_route=\/wp\/v2\/pages\/51\/revisions"}],"predecessor-version":[{"id":357,"href":"https:\/\/dia-geschichten.de\/index.php?rest_route=\/wp\/v2\/pages\/51\/revisions\/357"}],"wp:attachment":[{"href":"https:\/\/dia-geschichten.de\/index.php?rest_route=%2Fwp%2Fv2%2Fmedia&parent=51"}],"curies":[{"name":"wp","href":"https:\/\/api.w.org\/{rel}","templated":true}]}}