{"id":50,"date":"2017-12-12T23:58:47","date_gmt":"2017-12-12T22:58:47","guid":{"rendered":"https:\/\/naturfotomp.wordpress.com\/?page_id=50"},"modified":"2018-01-08T16:57:16","modified_gmt":"2018-01-08T15:57:16","slug":"portfolio-2","status":"publish","type":"page","link":"https:\/\/dia-geschichten.de\/?page_id=50","title":{"rendered":"Portfolio"},"content":{"rendered":"<p>Ein Querschnitt und kleiner Einblick in mein fotografisches Portfolio. Wird regelm\u00e4\u00dfig aktualisiert. Bei Interesse an meinem Bildmaterial freue ich mich \u00fcber die <a href=\"http:\/\/dia-geschichten.de\/?page_id=251\">Kontaktaufnahme per email<\/a>.<\/p>\n<p>&nbsp;<\/p>\n","protected":false},"excerpt":{"rendered":"<p>Ein Querschnitt und kleiner Einblick in mein fotografisches Portfolio. Wird regelm\u00e4\u00dfig aktualisiert. Bei Interesse an meinem Bildmaterial freue ich mich \u00fcber die Kontaktaufnahme per email. &nbsp;<\/p>\n","protected":false},"author":1,"featured_media":0,"parent":0,"menu_order":0,"comment_status":"closed","ping_status":"closed","template":"nosidebar-page.php","meta":[],"jetpack_shortlink":"https:\/\/wp.me\/P9wkzc-O","jetpack_likes_enabled":true,"_links":{"self":[{"href":"https:\/\/dia-geschichten.de\/index.php?rest_route=\/wp\/v2\/pages\/50"}],"collection":[{"href":"https:\/\/dia-geschichten.de\/index.php?rest_route=\/wp\/v2\/pages"}],"about":[{"href":"https:\/\/dia-geschichten.de\/index.php?rest_route=\/wp\/v2\/types\/page"}],"author":[{"embeddable":true,"href":"https:\/\/dia-geschichten.de\/index.php?rest_route=\/wp\/v2\/users\/1"}],"replies":[{"embeddable":true,"href":"https:\/\/dia-geschichten.de\/index.php?rest_route=%2Fwp%2Fv2%2Fcomments&post=50"}],"version-history":[{"count":4,"href":"https:\/\/dia-geschichten.de\/index.php?rest_route=\/wp\/v2\/pages\/50\/revisions"}],"predecessor-version":[{"id":287,"href":"https:\/\/dia-geschichten.de\/index.php?rest_route=\/wp\/v2\/pages\/50\/revisions\/287"}],"wp:attachment":[{"href":"https:\/\/dia-geschichten.de\/index.php?rest_route=%2Fwp%2Fv2%2Fmedia&parent=50"}],"curies":[{"name":"wp","href":"https:\/\/api.w.org\/{rel}","templated":true}]}}