{"id":215,"date":"2018-01-02T15:46:22","date_gmt":"2018-01-02T14:46:22","guid":{"rendered":"http:\/\/dia-geschichten.de\/?page_id=215"},"modified":"2018-01-02T15:49:04","modified_gmt":"2018-01-02T14:49:04","slug":"meine-fotografische-sichtweise","status":"publish","type":"page","link":"https:\/\/dia-geschichten.de\/?page_id=215","title":{"rendered":"Meine fotografische Sichtweise"},"content":{"rendered":"<blockquote><p>&#8222;Die Fotografie ist f\u00fcr mich der freie Antrieb zu stetiger, seherischer Achtsamkeit, die den Augenblick und seine Ewigkeit festh\u00e4lt. &#8230;&#8220; Henri-Cartier Bresson<\/p><\/blockquote>\n<p>Auch wenn meine fotografische Sichtweise eindeutig dokumentarisch ist, so beanspruche ich doch meine subjektive Sicht der Dinge.<\/p>\n<p>In meinen Naturbildern steht eindeutig die \u00c4sthetik und Sch\u00f6nheit der Natur im Vordergrund. Auf diese Weise hoffe ich, bei den Betrachtern die Schutzw\u00fcrdigkeit unserer Natur und unsere Verantwortung als Menschen f\u00fcr die Bewahrung der Natur f\u00fcr nachfolgende Generationen ins Bewu\u00dftsein zu rufen. Ein Aspekt, der angesichts j\u00fcngster Entwicklungen in der Welt wichtiger denn je ist.<\/p>\n<p>Wichtig ist mir neben der emotionalen Ansprache eine pr\u00e4zise Komposition und technische Qualit\u00e4t meiner Bilder.<br \/>\n<br \/>Ich empfinde es als h\u00f6chstes Ziel, Emotion und \u00e4sthetische Komposition im rechten Augenblick einzufangen. In dieser Hinsicht wurde ich stark von Fotografen wie Henri-Cartier<br \/>\nBresson und W. Eugene Smith gepr\u00e4gt, die ich sehr verehre.<\/p>\n<p>Obgleich ich mich sehr \u00fcber ein gelungenes, f\u00fcr sich stehendes Einzelbild freue, so ist meine Arbeitsweise doch eher auf die Serie ausgerichtet, deren Bilder in Summe eine<br \/>\nGeschichte erz\u00e4hlen.<\/p>\n<p>Wichtig ist mir, eine Situation m\u00f6glichst unverf\u00e4lscht und unbeeinflu\u00dft einzufangen, sowohl in der Naturfotografie als auch in der Reportage.<br \/>\n<br \/>Ich sehe mich mehr in der Rolle des unauff\u00e4lligen Beobachters, denn in der Rolle des Regisseurs.<br \/>\n<br \/>Dies bezieht sich auch auf die Nachbearbeitung meiner Bilder, die im digitalen Zeitalter nat\u00fcrlich nicht ausbleibt. Weniger ist hier mehr. Au\u00dfer Anpassungen des Kontrasts, der Farbabstimmung, der Sch\u00e4rfe und wenn es sich nicht vermeiden l\u00e4sst, auch des Ausschnitts wird das Bild nicht ver\u00e4ndert. Blending-Techniken wie HDR oder Focus-Stacking kommen eher selten zum Einsatz.<\/p><\/p>\n","protected":false},"excerpt":{"rendered":"<p>&#8222;Die Fotografie ist f\u00fcr mich der freie Antrieb zu stetiger, seherischer Achtsamkeit, die den Augenblick und seine Ewigkeit festh\u00e4lt. &#8230;&#8220; Henri-Cartier Bresson Auch wenn meine fotografische Sichtweise eindeutig dokumentarisch ist, so beanspruche ich doch meine subjektive Sicht der Dinge. In meinen Naturbildern steht eindeutig die \u00c4sthetik und Sch\u00f6nheit der Natur im Vordergrund. Auf diese Weise [&hellip;]<\/p>\n","protected":false},"author":1,"featured_media":0,"parent":0,"menu_order":0,"comment_status":"closed","ping_status":"closed","template":"","meta":[],"jetpack_shortlink":"https:\/\/wp.me\/P9wkzc-3t","jetpack_likes_enabled":true,"_links":{"self":[{"href":"https:\/\/dia-geschichten.de\/index.php?rest_route=\/wp\/v2\/pages\/215"}],"collection":[{"href":"https:\/\/dia-geschichten.de\/index.php?rest_route=\/wp\/v2\/pages"}],"about":[{"href":"https:\/\/dia-geschichten.de\/index.php?rest_route=\/wp\/v2\/types\/page"}],"author":[{"embeddable":true,"href":"https:\/\/dia-geschichten.de\/index.php?rest_route=\/wp\/v2\/users\/1"}],"replies":[{"embeddable":true,"href":"https:\/\/dia-geschichten.de\/index.php?rest_route=%2Fwp%2Fv2%2Fcomments&post=215"}],"version-history":[{"count":3,"href":"https:\/\/dia-geschichten.de\/index.php?rest_route=\/wp\/v2\/pages\/215\/revisions"}],"predecessor-version":[{"id":224,"href":"https:\/\/dia-geschichten.de\/index.php?rest_route=\/wp\/v2\/pages\/215\/revisions\/224"}],"wp:attachment":[{"href":"https:\/\/dia-geschichten.de\/index.php?rest_route=%2Fwp%2Fv2%2Fmedia&parent=215"}],"curies":[{"name":"wp","href":"https:\/\/api.w.org\/{rel}","templated":true}]}}