{"id":175,"date":"2017-12-13T21:03:16","date_gmt":"2017-12-13T20:03:16","guid":{"rendered":"http:\/\/dia-geschichten.de\/?page_id=175"},"modified":"2018-01-02T13:30:30","modified_gmt":"2018-01-02T12:30:30","slug":"impressum","status":"publish","type":"page","link":"https:\/\/dia-geschichten.de\/?page_id=175","title":{"rendered":"Impressum"},"content":{"rendered":"<div class='impressum'>\n<h1>Impressum<\/h1>\n<p>Angaben gem\u00e4\u00df \u00a7 5 TMG<\/p>\n<p>Michael P\u00fchlh\u00f6fer <br \/>\nFriedrich-Weinbrenner-Strasse 55<br \/>\n69126 Heidelberg \n<\/p>\n<p> <strong>Vertreten durch: <\/strong><br \/>\nMichael P\u00fchlh\u00f6fer\n<\/p>\n<p><strong>Kontakt:<\/strong> <br \/>\nTelefon: 06221-8945979<br \/>\nE-Mail: <a href='mailto:info@dia-geschichten.de'>info@dia-geschichten.de<\/a><\/br><\/p>\n<p>\n<\/p>\n<p><strong>Verantwortlich f\u00fcr den Inhalt nach \u00a7 55 Abs. 2 RStV:<\/strong><br \/>\nMichael P\u00fchlh\u00f6fer <br \/>\nFriedrich-Weinbrenner-Strasse 55<br \/>\n69126 Heidelberg <\/p>\n<p>Alle Fotos + Texte: \u00a9 Michael P\u00fchlh\u00f6fer<br \/>\nAbdruck und Nutzung nur mit schriftlicher Genehmigung des Autors <\/p>\n<p><strong><a href=\"http:\/\/dia-geschichten.de\/?page_id=184\">Haftungsausschluss<\/a> <\/strong><\/p>\n<p><strong><a href=\"http:\/\/dia-geschichten.de\/?page_id=173\">Datenschutz<\/a> <\/strong><\/p>\n<p>\nWebsite Impressum von <a href=\"http:\/\/www.impressum-generator.de\">impressum-generator.de<\/a>\n<\/div>\n","protected":false},"excerpt":{"rendered":"<p>Impressum Angaben gem\u00e4\u00df \u00a7 5 TMG Michael P\u00fchlh\u00f6fer Friedrich-Weinbrenner-Strasse 55 69126 Heidelberg Vertreten durch: Michael P\u00fchlh\u00f6fer Kontakt: Telefon: 06221-8945979 E-Mail: info@dia-geschichten.de Verantwortlich f\u00fcr den Inhalt nach \u00a7 55 Abs. 2 RStV: Michael P\u00fchlh\u00f6fer Friedrich-Weinbrenner-Strasse 55 69126 Heidelberg Alle Fotos + Texte: \u00a9 Michael P\u00fchlh\u00f6fer Abdruck und Nutzung nur mit schriftlicher Genehmigung des Autors Haftungsausschluss Datenschutz [&hellip;]<\/p>\n","protected":false},"author":1,"featured_media":0,"parent":0,"menu_order":0,"comment_status":"closed","ping_status":"closed","template":"nosidebar-page.php","meta":[],"jetpack_shortlink":"https:\/\/wp.me\/P9wkzc-2P","jetpack_likes_enabled":true,"_links":{"self":[{"href":"https:\/\/dia-geschichten.de\/index.php?rest_route=\/wp\/v2\/pages\/175"}],"collection":[{"href":"https:\/\/dia-geschichten.de\/index.php?rest_route=\/wp\/v2\/pages"}],"about":[{"href":"https:\/\/dia-geschichten.de\/index.php?rest_route=\/wp\/v2\/types\/page"}],"author":[{"embeddable":true,"href":"https:\/\/dia-geschichten.de\/index.php?rest_route=\/wp\/v2\/users\/1"}],"replies":[{"embeddable":true,"href":"https:\/\/dia-geschichten.de\/index.php?rest_route=%2Fwp%2Fv2%2Fcomments&post=175"}],"version-history":[{"count":16,"href":"https:\/\/dia-geschichten.de\/index.php?rest_route=\/wp\/v2\/pages\/175\/revisions"}],"predecessor-version":[{"id":206,"href":"https:\/\/dia-geschichten.de\/index.php?rest_route=\/wp\/v2\/pages\/175\/revisions\/206"}],"wp:attachment":[{"href":"https:\/\/dia-geschichten.de\/index.php?rest_route=%2Fwp%2Fv2%2Fmedia&parent=175"}],"curies":[{"name":"wp","href":"https:\/\/api.w.org\/{rel}","templated":true}]}}