{"id":162,"date":"2018-01-07T11:55:49","date_gmt":"2018-01-07T10:55:49","guid":{"rendered":"http:\/\/dia-geschichten.de\/?page_id=162"},"modified":"2018-01-07T15:23:53","modified_gmt":"2018-01-07T14:23:53","slug":"dia-multivision-island-insel-aus-feuer-und-eis","status":"publish","type":"page","link":"https:\/\/dia-geschichten.de\/?page_id=162","title":{"rendered":"Dia-Multivision &#8222;Island &#8211; Insel aus Feuer und Eis&#8220;"},"content":{"rendered":"<p align=\"JUSTIFY\"><span style=\"font-family: Verdana, Tahoma, Arial, Helvetica, sans-serif, sans-serif;\">\u00cdsland &#8211; mystische Insel am Rande des Polarkreises! Von Jugend an war es ein Traum, dieses Land zu bereisen. Im Juni 2000 war es dann soweit. Mit viel Neugierde im Gep\u00e4ck reisten wir zum ersten Mal nach \u00cdsland. Aus Sehnsucht und Neugierde wurde Begeisterung. Die Vielfalt der rauen Natur, der allgegenw\u00e4rtige Vulkanismus und die zur\u00fcckhaltenden aber herzlichen Menschen, lassen uns nicht mehr los. Aus einer Reise sind mehrere geworden, und die n\u00e4chste ist nie in allzu ferner Zukunft.<\/span><\/p>\n<p align=\"JUSTIFY\"><span style=\"font-family: Verdana, Tahoma, Arial, Helvetica, sans-serif, sans-serif;\">Mit unserer Diashow \u201e\u00cdsland \u2013 Insel aus Feuer und Eis\u201c m\u00f6chten wir diese Begeisterung an unsere Zuschauer weiter geben. H\u00e4ufig werden wir gefragt: \u201eWas zieht euch nur immer wieder in dieses kalte Land im hohen Norden?\u201c Mit Worten ist das nur schwer zu beschreiben, Bilder sollen sprechen!<\/span><\/p>\n<p align=\"JUSTIFY\"><span style=\"font-family: Verdana, Tahoma, Arial, Helvetica, sans-serif, sans-serif;\">Die Bilder sind mit einf\u00fchlsamer Musik, Originalger\u00e4uschen und Interviews zu einer Gesamtkomposition abgestimmt und mit einem humorvollen, informativen und pers\u00f6nlichen Kommentar versehen<\/span>.<\/p>\n<p align=\"JUSTIFY\"><img data-attachment-id=\"255\" data-permalink=\"https:\/\/dia-geschichten.de\/?attachment_id=255#main\" data-orig-file=\"https:\/\/i0.wp.com\/dia-geschichten.de\/wp-content\/uploads\/2018\/01\/Island-Plakat_web_2006-10-08.jpg?fit=300%2C201&amp;ssl=1\" data-orig-size=\"300,201\" data-comments-opened=\"0\" data-image-meta=\"{&quot;aperture&quot;:&quot;0&quot;,&quot;credit&quot;:&quot;&quot;,&quot;camera&quot;:&quot;&quot;,&quot;caption&quot;:&quot;&quot;,&quot;created_timestamp&quot;:&quot;0&quot;,&quot;copyright&quot;:&quot;&quot;,&quot;focal_length&quot;:&quot;0&quot;,&quot;iso&quot;:&quot;0&quot;,&quot;shutter_speed&quot;:&quot;0&quot;,&quot;title&quot;:&quot;&quot;,&quot;orientation&quot;:&quot;0&quot;}\" data-image-title=\"Island-Plakat_web_2006-10-08\" data-image-description=\"\" data-image-caption=\"\" data-medium-file=\"https:\/\/i0.wp.com\/dia-geschichten.de\/wp-content\/uploads\/2018\/01\/Island-Plakat_web_2006-10-08.jpg?fit=300%2C201&amp;ssl=1\" data-large-file=\"https:\/\/i0.wp.com\/dia-geschichten.de\/wp-content\/uploads\/2018\/01\/Island-Plakat_web_2006-10-08.jpg?fit=300%2C201&amp;ssl=1\" decoding=\"async\" loading=\"lazy\" class=\"alignnone size-medium wp-image-255\" src=\"https:\/\/i0.wp.com\/dia-geschichten.de\/wp-content\/uploads\/2018\/01\/Island-Plakat_web_2006-10-08-300x201.jpg?resize=300%2C201\" alt=\"\" width=\"300\" height=\"201\" data-recalc-dims=\"1\" \/><\/p>\n<p align=\"LEFT\">Die Diashow beinhaltet u.a. folgende Orte und Themen:<\/p>\n<ul>\n<li>Reykjav\u00edk \u2013 n\u00f6rdlichste Hauptstadt der Welt<\/li>\n<li>Seemannstag \u2013 Feiertag zu Ehren der Seefahrer<\/li>\n<li><span style=\"font-family: Verdana, Tahoma, Arial, Helvetica, sans-serif, sans-serif;\">\u201e<\/span>Golden Circle\u201c &#8211; Natur- und Kultursch\u00e4tze im S\u00fcdwesten<\/li>\n<li>Geothermal beheizte Gew\u00e4chsh\u00e4user<\/li>\n<li>Elfen und Verborgenes Volk \u2013 f\u00fcr viele Isl\u00e4nder selbstverst\u00e4ndlich<\/li>\n<li>Halbinsel Sn\u00e6fellsness \u2013 \u00cdsland im Kleinen<\/li>\n<li>Westfjorde \u2013 raue Natur pur<\/li>\n<li>\u00cdslands Norden \u2013 Geschichte zum Anfassen<\/li>\n<li>M\u00fdvatn &#8211; aktiver Vulkanismus, hautnah<\/li>\n<li>Krafla \u2013 geothermale Energieerzeugung, nicht ohne Risiko<\/li>\n<li>Kj\u00f6lur und Sprengisandur &#8211; Erlebnis Hochland<\/li>\n<li>\u00cdslands S\u00fcdosten \u2013 gr\u00f6\u00dfter Gletscher und schaurige Vulkanspalte<\/li>\n<li>Herbst in \u00cdsland &#8211; Schaf- und Pferdeabtrieb<\/li>\n<li>Winter in \u00cdsland \u2013 Weihnacht und Jahreswechsel<\/li>\n<\/ul>\n<p>M\u00f6chten Sie eine meiner Dia-Multivisionen veranstalten? Bitte nehmen Sie per <a href=\"http:\/\/dia-geschichten.de\/?page_id=251\">email Kontakt<\/a> mit mir auf.<\/p>\n","protected":false},"excerpt":{"rendered":"<p>\u00cdsland &#8211; mystische Insel am Rande des Polarkreises! Von Jugend an war es ein Traum, dieses Land zu bereisen. Im Juni 2000 war es dann soweit. Mit viel Neugierde im Gep\u00e4ck reisten wir zum ersten Mal nach \u00cdsland. Aus Sehnsucht und Neugierde wurde Begeisterung. Die Vielfalt der rauen Natur, der allgegenw\u00e4rtige Vulkanismus und die zur\u00fcckhaltenden [&hellip;]<\/p>\n","protected":false},"author":1,"featured_media":0,"parent":0,"menu_order":0,"comment_status":"closed","ping_status":"closed","template":"nosidebar-page.php","meta":[],"jetpack_shortlink":"https:\/\/wp.me\/P9wkzc-2C","jetpack_likes_enabled":true,"_links":{"self":[{"href":"https:\/\/dia-geschichten.de\/index.php?rest_route=\/wp\/v2\/pages\/162"}],"collection":[{"href":"https:\/\/dia-geschichten.de\/index.php?rest_route=\/wp\/v2\/pages"}],"about":[{"href":"https:\/\/dia-geschichten.de\/index.php?rest_route=\/wp\/v2\/types\/page"}],"author":[{"embeddable":true,"href":"https:\/\/dia-geschichten.de\/index.php?rest_route=\/wp\/v2\/users\/1"}],"replies":[{"embeddable":true,"href":"https:\/\/dia-geschichten.de\/index.php?rest_route=%2Fwp%2Fv2%2Fcomments&post=162"}],"version-history":[{"count":4,"href":"https:\/\/dia-geschichten.de\/index.php?rest_route=\/wp\/v2\/pages\/162\/revisions"}],"predecessor-version":[{"id":348,"href":"https:\/\/dia-geschichten.de\/index.php?rest_route=\/wp\/v2\/pages\/162\/revisions\/348"}],"wp:attachment":[{"href":"https:\/\/dia-geschichten.de\/index.php?rest_route=%2Fwp%2Fv2%2Fmedia&parent=162"}],"curies":[{"name":"wp","href":"https:\/\/api.w.org\/{rel}","templated":true}]}}